{"id":3701,"date":"2020-02-03T12:59:15","date_gmt":"2020-02-03T10:59:15","guid":{"rendered":"https:\/\/www.foto-lindlar.de\/fuenger-foto\/?page_id=3701"},"modified":"2026-05-07T16:02:46","modified_gmt":"2026-05-07T14:02:46","slug":"geschenk-im-ballon","status":"publish","type":"page","link":"https:\/\/www.foto-lindlar.de\/fuenger-foto\/geschenk-im-ballon\/","title":{"rendered":"Geschenk im Ballon"},"content":{"rendered":"\n<p class=\"has-small-font-size\">Geld oder kleine Geschenke im Ballon \u2013 wir bieten eine Vielzahl an M\u00f6glichkeiten.<br><br>F\u00fcr viele Anl\u00e4sse wie Hochzeit, Geburtstag, Taufe, Geburt, Goldhochzeit etc.<\/p>\n\n\n\n<p class=\"has-small-font-size\">Wenn Sie Geld im Ballon verschenken m\u00f6chten, bringen Sie bitte die Scheine so mit, wie Sie sie verschenken m\u00f6chten. Wir k\u00f6nnen Ihr Geld nicht wechseln!<\/p>\n\n\n\n<p class=\"has-small-font-size\">In einem individuell gestalteten Ballon kann Geld, Gutscheine oder kleine Geschenke verpackt werden.<\/p>\n\n\n\n<p class=\"has-small-font-size\">Die Ballons werden thematisch und farblich dem Anlass entsprechend gestaltet.<\/p>\n\n\n\n<p class=\"has-background has-small-font-size\" style=\"background-color:#f9d5d5\"><strong>WICHTIG:F\u00fcr die Gestaltung der Geschenkballons ben\u00f6tigen wir einen Tag Vorlauf!!<\/strong><\/p>\n\n\n\n<figure class=\"wp-block-gallery aligncenter has-nested-images columns-default is-cropped wp-block-gallery-1 is-layout-flex wp-block-gallery-is-layout-flex\">\n<figure class=\"wp-block-image size-large\"><a href=\"https:\/\/www.foto-lindlar.de\/fuenger-foto\/wp-content\/uploads\/2021\/09\/IMG-20210903-WA0000.jpg\"><img loading=\"lazy\" decoding=\"async\" width=\"768\" height=\"1024\" data-id=\"4411\" src=\"https:\/\/www.foto-lindlar.de\/fuenger-foto\/wp-content\/uploads\/2021\/09\/IMG-20210903-WA0000-768x1024.jpg\" alt=\"\" class=\"wp-image-4411\" srcset=\"https:\/\/www.foto-lindlar.de\/fuenger-foto\/wp-content\/uploads\/2021\/09\/IMG-20210903-WA0000-768x1024.jpg 768w, https:\/\/www.foto-lindlar.de\/fuenger-foto\/wp-content\/uploads\/2021\/09\/IMG-20210903-WA0000-225x300.jpg 225w, https:\/\/www.foto-lindlar.de\/fuenger-foto\/wp-content\/uploads\/2021\/09\/IMG-20210903-WA0000-1152x1536.jpg 1152w, https:\/\/www.foto-lindlar.de\/fuenger-foto\/wp-content\/uploads\/2021\/09\/IMG-20210903-WA0000.jpg 1200w\" sizes=\"auto, (max-width: 768px) 100vw, 768px\" \/><\/a><\/figure>\n<\/figure>\n\n\n<div class=\"wp-block-image\">\n<figure class=\"aligncenter\"><img loading=\"lazy\" decoding=\"async\" width=\"1024\" height=\"768\" src=\"https:\/\/foto-lindlar.de\/fuenger-foto\/wp-content\/uploads\/2021\/09\/IMG-20210903-WA0001-1024x768.jpg\" alt=\"\" class=\"wp-image-4412\" srcset=\"https:\/\/www.foto-lindlar.de\/fuenger-foto\/wp-content\/uploads\/2021\/09\/IMG-20210903-WA0001-1024x768.jpg 1024w, https:\/\/www.foto-lindlar.de\/fuenger-foto\/wp-content\/uploads\/2021\/09\/IMG-20210903-WA0001-300x225.jpg 300w, https:\/\/www.foto-lindlar.de\/fuenger-foto\/wp-content\/uploads\/2021\/09\/IMG-20210903-WA0001-768x576.jpg 768w, https:\/\/www.foto-lindlar.de\/fuenger-foto\/wp-content\/uploads\/2021\/09\/IMG-20210903-WA0001-1536x1152.jpg 1536w, https:\/\/www.foto-lindlar.de\/fuenger-foto\/wp-content\/uploads\/2021\/09\/IMG-20210903-WA0001.jpg 1600w\" sizes=\"auto, (max-width: 1024px) 100vw, 1024px\" \/><\/figure>\n<\/div>\n\n<div class=\"wp-block-image\">\n<figure class=\"aligncenter\"><img loading=\"lazy\" decoding=\"async\" width=\"1024\" height=\"768\" src=\"https:\/\/foto-lindlar.de\/fuenger-foto\/wp-content\/uploads\/2021\/09\/IMG-20210903-WA0002-1024x768.jpg\" alt=\"\" class=\"wp-image-4413\" srcset=\"https:\/\/www.foto-lindlar.de\/fuenger-foto\/wp-content\/uploads\/2021\/09\/IMG-20210903-WA0002-1024x768.jpg 1024w, https:\/\/www.foto-lindlar.de\/fuenger-foto\/wp-content\/uploads\/2021\/09\/IMG-20210903-WA0002-300x225.jpg 300w, https:\/\/www.foto-lindlar.de\/fuenger-foto\/wp-content\/uploads\/2021\/09\/IMG-20210903-WA0002-768x576.jpg 768w, https:\/\/www.foto-lindlar.de\/fuenger-foto\/wp-content\/uploads\/2021\/09\/IMG-20210903-WA0002-1536x1152.jpg 1536w, https:\/\/www.foto-lindlar.de\/fuenger-foto\/wp-content\/uploads\/2021\/09\/IMG-20210903-WA0002.jpg 1600w\" sizes=\"auto, (max-width: 1024px) 100vw, 1024px\" \/><\/figure>\n<\/div>\n\n<div class=\"wp-block-image\">\n<figure class=\"aligncenter\"><img loading=\"lazy\" decoding=\"async\" width=\"768\" height=\"1024\" src=\"https:\/\/foto-lindlar.de\/fuenger-foto\/wp-content\/uploads\/2021\/09\/IMG-20210903-WA0003-768x1024.jpg\" alt=\"\" class=\"wp-image-4414\" srcset=\"https:\/\/www.foto-lindlar.de\/fuenger-foto\/wp-content\/uploads\/2021\/09\/IMG-20210903-WA0003-768x1024.jpg 768w, https:\/\/www.foto-lindlar.de\/fuenger-foto\/wp-content\/uploads\/2021\/09\/IMG-20210903-WA0003-225x300.jpg 225w, https:\/\/www.foto-lindlar.de\/fuenger-foto\/wp-content\/uploads\/2021\/09\/IMG-20210903-WA0003-1152x1536.jpg 1152w, https:\/\/www.foto-lindlar.de\/fuenger-foto\/wp-content\/uploads\/2021\/09\/IMG-20210903-WA0003.jpg 1200w\" sizes=\"auto, (max-width: 768px) 100vw, 768px\" \/><\/figure>\n<\/div>\n\n<div class=\"wp-block-image\">\n<figure class=\"aligncenter\"><img loading=\"lazy\" decoding=\"async\" width=\"1024\" height=\"768\" src=\"https:\/\/foto-lindlar.de\/fuenger-foto\/wp-content\/uploads\/2021\/09\/IMG-20210903-WA0004-1024x768.jpg\" alt=\"\" class=\"wp-image-4415\" srcset=\"https:\/\/www.foto-lindlar.de\/fuenger-foto\/wp-content\/uploads\/2021\/09\/IMG-20210903-WA0004-1024x768.jpg 1024w, https:\/\/www.foto-lindlar.de\/fuenger-foto\/wp-content\/uploads\/2021\/09\/IMG-20210903-WA0004-300x225.jpg 300w, https:\/\/www.foto-lindlar.de\/fuenger-foto\/wp-content\/uploads\/2021\/09\/IMG-20210903-WA0004-768x576.jpg 768w, https:\/\/www.foto-lindlar.de\/fuenger-foto\/wp-content\/uploads\/2021\/09\/IMG-20210903-WA0004-1536x1152.jpg 1536w, https:\/\/www.foto-lindlar.de\/fuenger-foto\/wp-content\/uploads\/2021\/09\/IMG-20210903-WA0004.jpg 1600w\" sizes=\"auto, (max-width: 1024px) 100vw, 1024px\" \/><\/figure>\n<\/div>\n\n<div class=\"wp-block-image\">\n<figure class=\"aligncenter\"><img loading=\"lazy\" decoding=\"async\" width=\"1024\" height=\"768\" src=\"https:\/\/foto-lindlar.de\/fuenger-foto\/wp-content\/uploads\/2021\/09\/IMG-20210903-WA0005-1024x768.jpg\" alt=\"\" class=\"wp-image-4416\" srcset=\"https:\/\/www.foto-lindlar.de\/fuenger-foto\/wp-content\/uploads\/2021\/09\/IMG-20210903-WA0005-1024x768.jpg 1024w, https:\/\/www.foto-lindlar.de\/fuenger-foto\/wp-content\/uploads\/2021\/09\/IMG-20210903-WA0005-300x225.jpg 300w, https:\/\/www.foto-lindlar.de\/fuenger-foto\/wp-content\/uploads\/2021\/09\/IMG-20210903-WA0005-768x576.jpg 768w, https:\/\/www.foto-lindlar.de\/fuenger-foto\/wp-content\/uploads\/2021\/09\/IMG-20210903-WA0005-1536x1152.jpg 1536w, https:\/\/www.foto-lindlar.de\/fuenger-foto\/wp-content\/uploads\/2021\/09\/IMG-20210903-WA0005.jpg 1600w\" sizes=\"auto, (max-width: 1024px) 100vw, 1024px\" \/><\/figure>\n<\/div>\n\n<div class=\"wp-block-image\">\n<figure class=\"aligncenter\"><img loading=\"lazy\" decoding=\"async\" width=\"768\" height=\"1024\" src=\"https:\/\/foto-lindlar.de\/fuenger-foto\/wp-content\/uploads\/2021\/09\/IMG-20210903-WA0006-768x1024.jpg\" alt=\"\" class=\"wp-image-4417\" srcset=\"https:\/\/www.foto-lindlar.de\/fuenger-foto\/wp-content\/uploads\/2021\/09\/IMG-20210903-WA0006-768x1024.jpg 768w, https:\/\/www.foto-lindlar.de\/fuenger-foto\/wp-content\/uploads\/2021\/09\/IMG-20210903-WA0006-225x300.jpg 225w, https:\/\/www.foto-lindlar.de\/fuenger-foto\/wp-content\/uploads\/2021\/09\/IMG-20210903-WA0006-1152x1536.jpg 1152w, https:\/\/www.foto-lindlar.de\/fuenger-foto\/wp-content\/uploads\/2021\/09\/IMG-20210903-WA0006.jpg 1200w\" sizes=\"auto, (max-width: 768px) 100vw, 768px\" \/><\/figure>\n<\/div>\n\n<div class=\"wp-block-image\">\n<figure class=\"aligncenter\"><img loading=\"lazy\" decoding=\"async\" width=\"768\" height=\"1024\" src=\"https:\/\/foto-lindlar.de\/fuenger-foto\/wp-content\/uploads\/2021\/09\/IMG-20210903-WA0007-768x1024.jpg\" alt=\"\" class=\"wp-image-4418\" srcset=\"https:\/\/www.foto-lindlar.de\/fuenger-foto\/wp-content\/uploads\/2021\/09\/IMG-20210903-WA0007-768x1024.jpg 768w, https:\/\/www.foto-lindlar.de\/fuenger-foto\/wp-content\/uploads\/2021\/09\/IMG-20210903-WA0007-225x300.jpg 225w, https:\/\/www.foto-lindlar.de\/fuenger-foto\/wp-content\/uploads\/2021\/09\/IMG-20210903-WA0007-1152x1536.jpg 1152w, https:\/\/www.foto-lindlar.de\/fuenger-foto\/wp-content\/uploads\/2021\/09\/IMG-20210903-WA0007.jpg 1200w\" sizes=\"auto, (max-width: 768px) 100vw, 768px\" \/><\/figure>\n<\/div>\n\n<div class=\"wp-block-image\">\n<figure class=\"aligncenter\"><img loading=\"lazy\" decoding=\"async\" width=\"768\" height=\"1024\" src=\"https:\/\/foto-lindlar.de\/fuenger-foto\/wp-content\/uploads\/2021\/09\/IMG-20210903-WA0008-768x1024.jpg\" alt=\"\" class=\"wp-image-4419\" srcset=\"https:\/\/www.foto-lindlar.de\/fuenger-foto\/wp-content\/uploads\/2021\/09\/IMG-20210903-WA0008-768x1024.jpg 768w, https:\/\/www.foto-lindlar.de\/fuenger-foto\/wp-content\/uploads\/2021\/09\/IMG-20210903-WA0008-225x300.jpg 225w, https:\/\/www.foto-lindlar.de\/fuenger-foto\/wp-content\/uploads\/2021\/09\/IMG-20210903-WA0008-1152x1536.jpg 1152w, https:\/\/www.foto-lindlar.de\/fuenger-foto\/wp-content\/uploads\/2021\/09\/IMG-20210903-WA0008.jpg 1200w\" sizes=\"auto, (max-width: 768px) 100vw, 768px\" \/><\/figure>\n<\/div>\n\n<div id=\"pageheader\" class=\"titleclass\">\n<div class=\"container\">\n<div class=\"page-header\">\n<p><a href=\"https:\/\/foto-lindlar.de\/fuenger-foto\/wp-content\/uploads\/2020\/07\/FUE_4731-scaled.jpg\"><img loading=\"lazy\" decoding=\"async\" class=\"alignnone size-large wp-image-3944\" src=\"https:\/\/foto-lindlar.de\/fuenger-foto\/wp-content\/uploads\/2020\/07\/FUE_4731-681x1024.jpg\" alt=\"\" width=\"681\" height=\"1024\" data-id=\"3944\" srcset=\"https:\/\/www.foto-lindlar.de\/fuenger-foto\/wp-content\/uploads\/2020\/07\/FUE_4731-681x1024.jpg 681w, https:\/\/www.foto-lindlar.de\/fuenger-foto\/wp-content\/uploads\/2020\/07\/FUE_4731-200x300.jpg 200w, https:\/\/www.foto-lindlar.de\/fuenger-foto\/wp-content\/uploads\/2020\/07\/FUE_4731-768x1154.jpg 768w, https:\/\/www.foto-lindlar.de\/fuenger-foto\/wp-content\/uploads\/2020\/07\/FUE_4731-1022x1536.jpg 1022w, https:\/\/www.foto-lindlar.de\/fuenger-foto\/wp-content\/uploads\/2020\/07\/FUE_4731-1363x2048.jpg 1363w, https:\/\/www.foto-lindlar.de\/fuenger-foto\/wp-content\/uploads\/2020\/07\/FUE_4731-scaled.jpg 1703w\" sizes=\"auto, (max-width: 681px) 100vw, 681px\" \/><\/a> <a href=\"https:\/\/foto-lindlar.de\/fuenger-foto\/wp-content\/uploads\/2020\/07\/FUE_4736-scaled.jpg\"><img loading=\"lazy\" decoding=\"async\" class=\"alignnone size-large wp-image-3945\" src=\"https:\/\/foto-lindlar.de\/fuenger-foto\/wp-content\/uploads\/2020\/07\/FUE_4736-681x1024.jpg\" alt=\"\" width=\"681\" height=\"1024\" data-id=\"3945\" srcset=\"https:\/\/www.foto-lindlar.de\/fuenger-foto\/wp-content\/uploads\/2020\/07\/FUE_4736-681x1024.jpg 681w, https:\/\/www.foto-lindlar.de\/fuenger-foto\/wp-content\/uploads\/2020\/07\/FUE_4736-200x300.jpg 200w, https:\/\/www.foto-lindlar.de\/fuenger-foto\/wp-content\/uploads\/2020\/07\/FUE_4736-768x1154.jpg 768w, https:\/\/www.foto-lindlar.de\/fuenger-foto\/wp-content\/uploads\/2020\/07\/FUE_4736-1022x1536.jpg 1022w, https:\/\/www.foto-lindlar.de\/fuenger-foto\/wp-content\/uploads\/2020\/07\/FUE_4736-1363x2048.jpg 1363w, https:\/\/www.foto-lindlar.de\/fuenger-foto\/wp-content\/uploads\/2020\/07\/FUE_4736-scaled.jpg 1703w\" sizes=\"auto, (max-width: 681px) 100vw, 681px\" \/><\/a><a href=\"https:\/\/foto-lindlar.de\/fuenger-foto\/wp-content\/uploads\/2020\/07\/geschenkballon.jpg\"><img loading=\"lazy\" decoding=\"async\" class=\"alignnone  wp-image-3946\" src=\"https:\/\/foto-lindlar.de\/fuenger-foto\/wp-content\/uploads\/2020\/07\/geschenkballon.jpg\" alt=\"\" width=\"579\" height=\"1008\" data-id=\"3946\" srcset=\"https:\/\/www.foto-lindlar.de\/fuenger-foto\/wp-content\/uploads\/2020\/07\/geschenkballon.jpg 552w, https:\/\/www.foto-lindlar.de\/fuenger-foto\/wp-content\/uploads\/2020\/07\/geschenkballon-172x300.jpg 172w\" sizes=\"auto, (max-width: 579px) 100vw, 579px\" \/><\/a>\u00a0 <a href=\"https:\/\/foto-lindlar.de\/fuenger-foto\/wp-content\/uploads\/2020\/07\/FUE_4727-scaled.jpg\"><img loading=\"lazy\" decoding=\"async\" class=\"alignnone size-large wp-image-3943\" src=\"https:\/\/foto-lindlar.de\/fuenger-foto\/wp-content\/uploads\/2020\/07\/FUE_4727-681x1024.jpg\" alt=\"\" width=\"681\" height=\"1024\" data-id=\"3943\" srcset=\"https:\/\/www.foto-lindlar.de\/fuenger-foto\/wp-content\/uploads\/2020\/07\/FUE_4727-681x1024.jpg 681w, https:\/\/www.foto-lindlar.de\/fuenger-foto\/wp-content\/uploads\/2020\/07\/FUE_4727-200x300.jpg 200w, https:\/\/www.foto-lindlar.de\/fuenger-foto\/wp-content\/uploads\/2020\/07\/FUE_4727-768x1154.jpg 768w, https:\/\/www.foto-lindlar.de\/fuenger-foto\/wp-content\/uploads\/2020\/07\/FUE_4727-1022x1536.jpg 1022w, https:\/\/www.foto-lindlar.de\/fuenger-foto\/wp-content\/uploads\/2020\/07\/FUE_4727-1363x2048.jpg 1363w, https:\/\/www.foto-lindlar.de\/fuenger-foto\/wp-content\/uploads\/2020\/07\/FUE_4727-scaled.jpg 1703w\" sizes=\"auto, (max-width: 681px) 100vw, 681px\" \/><\/a><\/p>\n<p><a href=\"https:\/\/foto-lindlar.de\/fuenger-foto\/wp-content\/uploads\/2020\/06\/IMG_20200406_185247.jpg\"><img loading=\"lazy\" decoding=\"async\" class=\"alignnone size-full wp-image-3904\" src=\"https:\/\/foto-lindlar.de\/fuenger-foto\/wp-content\/uploads\/2020\/06\/IMG_20200406_185247.jpg\" alt=\"\" width=\"899\" height=\"898\" data-id=\"3904\" srcset=\"https:\/\/www.foto-lindlar.de\/fuenger-foto\/wp-content\/uploads\/2020\/06\/IMG_20200406_185247.jpg 899w, https:\/\/www.foto-lindlar.de\/fuenger-foto\/wp-content\/uploads\/2020\/06\/IMG_20200406_185247-300x300.jpg 300w, https:\/\/www.foto-lindlar.de\/fuenger-foto\/wp-content\/uploads\/2020\/06\/IMG_20200406_185247-150x150.jpg 150w, https:\/\/www.foto-lindlar.de\/fuenger-foto\/wp-content\/uploads\/2020\/06\/IMG_20200406_185247-768x767.jpg 768w\" sizes=\"auto, (max-width: 899px) 100vw, 899px\" \/><\/a><\/p>\n<div id=\"envira-gallery-wrap-633\" class=\"envira-gallery-wrap envira-gallery-theme-base envira-lightbox-theme-base\">\n<div id=\"envira-gallery-633\" class=\"envira-gallery-public envira-gallery-3-columns envira-clear enviratope envira-gallery-css-animations\" data-row-height=\"\" data-gallery-theme=\"\" data-envira-columns=\"3\">\n<div id=\"envira-gallery-item-638\" class=\"envira-gallery-item enviratope-item envira-gallery-item-5\">\n<div class=\"envira-gallery-item-inner\">\u00a0<\/div>\n<\/div>\n<\/div>\n<\/div>\n<\/div>\n<\/div>\n<\/div>\n<div id=\"content\" class=\"container\">\n<div class=\"row\">\n<div id=\"ktmain\" class=\"main col-lg-9 col-md-8\" role=\"main\">\n<div class=\"entry-content\">\n<div id=\"pageheader\" class=\"titleclass\">\n<div class=\"container\">\n<div class=\"page-header\">\n<h1>\u00a0<\/h1>\n<\/div>\n<\/div>\n<\/div>\n<\/div>\n<\/div>\n<\/div>\n<\/div>","protected":false},"excerpt":{"rendered":"<p>Geld oder kleine Geschenke im Ballon \u2013 wir bieten eine Vielzahl an M\u00f6glichkeiten. F\u00fcr viele Anl\u00e4sse wie Hochzeit, Geburtstag, Taufe, Geburt, Goldhochzeit etc. Wenn Sie Geld im Ballon verschenken m\u00f6chten, bringen Sie bitte die Scheine so mit, wie Sie sie &hellip; <a class=\"kt-excerpt-readmore\" href=\"https:\/\/www.foto-lindlar.de\/fuenger-foto\/geschenk-im-ballon\/\" aria-label=\"Geschenk im Ballon\">Weiterlesen<\/a><\/p>\n","protected":false},"author":2,"featured_media":0,"parent":0,"menu_order":0,"comment_status":"closed","ping_status":"closed","template":"","meta":{"kt_blocks_editor_width":"","footnotes":""},"class_list":["post-3701","page","type-page","status-publish","hentry"],"_links":{"self":[{"href":"https:\/\/www.foto-lindlar.de\/fuenger-foto\/wp-json\/wp\/v2\/pages\/3701","targetHints":{"allow":["GET"]}}],"collection":[{"href":"https:\/\/www.foto-lindlar.de\/fuenger-foto\/wp-json\/wp\/v2\/pages"}],"about":[{"href":"https:\/\/www.foto-lindlar.de\/fuenger-foto\/wp-json\/wp\/v2\/types\/page"}],"author":[{"embeddable":true,"href":"https:\/\/www.foto-lindlar.de\/fuenger-foto\/wp-json\/wp\/v2\/users\/2"}],"replies":[{"embeddable":true,"href":"https:\/\/www.foto-lindlar.de\/fuenger-foto\/wp-json\/wp\/v2\/comments?post=3701"}],"version-history":[{"count":8,"href":"https:\/\/www.foto-lindlar.de\/fuenger-foto\/wp-json\/wp\/v2\/pages\/3701\/revisions"}],"predecessor-version":[{"id":5827,"href":"https:\/\/www.foto-lindlar.de\/fuenger-foto\/wp-json\/wp\/v2\/pages\/3701\/revisions\/5827"}],"wp:attachment":[{"href":"https:\/\/www.foto-lindlar.de\/fuenger-foto\/wp-json\/wp\/v2\/media?parent=3701"}],"curies":[{"name":"wp","href":"https:\/\/api.w.org\/{rel}","templated":true}]}}